{"id":7,"date":"2020-01-01T17:24:03","date_gmt":"2020-01-01T16:24:03","guid":{"rendered":"http:\/\/brasserie113.be\/?page_id=7"},"modified":"2021-04-10T18:40:29","modified_gmt":"2021-04-10T16:40:29","slug":"accueil","status":"publish","type":"page","link":"https:\/\/brasserie113.be\/","title":{"rendered":"Accueil"},"content":{"rendered":"\n<p>La brasserie 113 est n\u00e9e en D\u00e9cembre 2017 de ma passion pour la bi\u00e8re et d&rsquo;un projet de r\u00e9installer un petit artisanat en ville, au sein d&rsquo;un quartier plein d\u2019activit\u00e9 et en pleine mutation.<\/p>\n\n\n\n<p>Selon les circonstances, notre quartier porte plusieurs noms: Porte d&rsquo;Havr\u00e9, Quartier de Saint Nicolas, Quartier d&rsquo;Outre Biche.<\/p>\n\n\n\n<p>Log\u00e9e au rez d&rsquo;une ancienne maison montoise typique (datant d&rsquo;avant 1850) , la brasserie 113 est en activit\u00e9 un jour par semaine ( Souvent le vendredi, parfois le samedi ) et produit environ 20 hl (2.000 litres) par an (soit 4.000 bouteilles de 50 cl).<\/p>\n\n\n\n<div class=\"wp-block-image\"><figure class=\"aligncenter size-large is-resized\"><img loading=\"lazy\" src=\"http:\/\/brasserie113.be\/wp-content\/uploads\/2020\/01\/IMG_20180202_182717-1024x768.jpg\" alt=\"\" class=\"wp-image-20\" width=\"423\" height=\"317\" srcset=\"https:\/\/brasserie113.be\/wp-content\/uploads\/2020\/01\/IMG_20180202_182717-1024x768.jpg 1024w, https:\/\/brasserie113.be\/wp-content\/uploads\/2020\/01\/IMG_20180202_182717-300x225.jpg 300w, https:\/\/brasserie113.be\/wp-content\/uploads\/2020\/01\/IMG_20180202_182717-768x576.jpg 768w, https:\/\/brasserie113.be\/wp-content\/uploads\/2020\/01\/IMG_20180202_182717-1536x1152.jpg 1536w, https:\/\/brasserie113.be\/wp-content\/uploads\/2020\/01\/IMG_20180202_182717-2048x1536.jpg 2048w\" sizes=\"(max-width: 423px) 85vw, 423px\" \/><figcaption>La 133 ambr\u00e9e dans son casier fabriqu\u00e9 \u00e0 la brasserie<\/figcaption><\/figure><\/div>\n\n\n\n<div class=\"wp-block-image\"><figure class=\"aligncenter size-large is-resized\"><img loading=\"lazy\" src=\"http:\/\/brasserie113.be\/wp-content\/uploads\/2020\/01\/IMG_20180311_121556-1024x768.jpg\" alt=\"\" class=\"wp-image-73\" width=\"427\" height=\"320\" srcset=\"https:\/\/brasserie113.be\/wp-content\/uploads\/2020\/01\/IMG_20180311_121556-1024x768.jpg 1024w, https:\/\/brasserie113.be\/wp-content\/uploads\/2020\/01\/IMG_20180311_121556-300x225.jpg 300w, https:\/\/brasserie113.be\/wp-content\/uploads\/2020\/01\/IMG_20180311_121556-768x576.jpg 768w, https:\/\/brasserie113.be\/wp-content\/uploads\/2020\/01\/IMG_20180311_121556-1536x1152.jpg 1536w, https:\/\/brasserie113.be\/wp-content\/uploads\/2020\/01\/IMG_20180311_121556-2048x1536.jpg 2048w\" sizes=\"(max-width: 427px) 85vw, 427px\" \/><figcaption>Les \u00e9quipements de brassage et de fermentation<\/figcaption><\/figure><\/div>\n\n\n\n<p>Passez me voir un de ces vendredis !  Lorsque la brasserie est ouverte, un sac de malt est devant la porte .<br><br>Michel &#8211; Le brasseur<\/p>\n\n\n\n<div class=\"wp-block-image\"><figure class=\"aligncenter size-large is-resized\"><img loading=\"lazy\" src=\"http:\/\/brasserie113.be\/wp-content\/uploads\/2020\/01\/IMG_20180318_115714-768x1024.jpg\" alt=\"\" class=\"wp-image-70\" width=\"313\" height=\"417\" srcset=\"https:\/\/brasserie113.be\/wp-content\/uploads\/2020\/01\/IMG_20180318_115714-768x1024.jpg 768w, https:\/\/brasserie113.be\/wp-content\/uploads\/2020\/01\/IMG_20180318_115714-225x300.jpg 225w, https:\/\/brasserie113.be\/wp-content\/uploads\/2020\/01\/IMG_20180318_115714-1152x1536.jpg 1152w, https:\/\/brasserie113.be\/wp-content\/uploads\/2020\/01\/IMG_20180318_115714-1536x2048.jpg 1536w, https:\/\/brasserie113.be\/wp-content\/uploads\/2020\/01\/IMG_20180318_115714-scaled.jpg 1920w\" sizes=\"(max-width: 313px) 85vw, 313px\" \/><figcaption>La vitrine de la brasserie<\/figcaption><\/figure><\/div>\n\n\n\n<div class=\"wp-block-image\"><figure class=\"aligncenter size-large is-resized\"><img loading=\"lazy\" src=\"http:\/\/brasserie113.be\/wp-content\/uploads\/2020\/01\/logo-facebook-1024x791.jpg\" alt=\"\" class=\"wp-image-125\" width=\"456\" height=\"352\" srcset=\"https:\/\/brasserie113.be\/wp-content\/uploads\/2020\/01\/logo-facebook-1024x791.jpg 1024w, https:\/\/brasserie113.be\/wp-content\/uploads\/2020\/01\/logo-facebook-300x232.jpg 300w, https:\/\/brasserie113.be\/wp-content\/uploads\/2020\/01\/logo-facebook-768x593.jpg 768w, https:\/\/brasserie113.be\/wp-content\/uploads\/2020\/01\/logo-facebook-1536x1186.jpg 1536w, https:\/\/brasserie113.be\/wp-content\/uploads\/2020\/01\/logo-facebook-2048x1581.jpg 2048w\" sizes=\"(max-width: 456px) 85vw, 456px\" \/><figcaption>Et son c\u00e9l\u00e8bre num\u00e9ro de maison  qui a donn\u00e9 son nom \u00e0 la bi\u00e8re _<\/figcaption><\/figure><\/div>\n\n\n\n<p><\/p>\n","protected":false},"excerpt":{"rendered":"<p>La brasserie 113 est n\u00e9e en D\u00e9cembre 2017 de ma passion pour la bi\u00e8re et d&rsquo;un projet de r\u00e9installer un petit artisanat en ville, au sein d&rsquo;un quartier plein d\u2019activit\u00e9 et en pleine mutation. Selon les circonstances, notre quartier porte plusieurs noms: Porte d&rsquo;Havr\u00e9, Quartier de Saint Nicolas, Quartier d&rsquo;Outre Biche. Log\u00e9e au rez d&rsquo;une &hellip; <a href=\"https:\/\/brasserie113.be\/\" class=\"more-link\">Continuer la lecture<span class=\"screen-reader-text\"> de &laquo;&nbsp;Accueil&nbsp;&raquo;<\/span><\/a><\/p>\n","protected":false},"author":1,"featured_media":0,"parent":0,"menu_order":0,"comment_status":"closed","ping_status":"closed","template":"","meta":[],"_links":{"self":[{"href":"https:\/\/brasserie113.be\/index.php?rest_route=\/wp\/v2\/pages\/7"}],"collection":[{"href":"https:\/\/brasserie113.be\/index.php?rest_route=\/wp\/v2\/pages"}],"about":[{"href":"https:\/\/brasserie113.be\/index.php?rest_route=\/wp\/v2\/types\/page"}],"author":[{"embeddable":true,"href":"https:\/\/brasserie113.be\/index.php?rest_route=\/wp\/v2\/users\/1"}],"replies":[{"embeddable":true,"href":"https:\/\/brasserie113.be\/index.php?rest_route=%2Fwp%2Fv2%2Fcomments&post=7"}],"version-history":[{"count":10,"href":"https:\/\/brasserie113.be\/index.php?rest_route=\/wp\/v2\/pages\/7\/revisions"}],"predecessor-version":[{"id":352,"href":"https:\/\/brasserie113.be\/index.php?rest_route=\/wp\/v2\/pages\/7\/revisions\/352"}],"wp:attachment":[{"href":"https:\/\/brasserie113.be\/index.php?rest_route=%2Fwp%2Fv2%2Fmedia&parent=7"}],"curies":[{"name":"wp","href":"https:\/\/api.w.org\/{rel}","templated":true}]}}